{"id":394,"date":"2024-10-11T14:04:02","date_gmt":"2024-10-11T14:04:02","guid":{"rendered":"https:\/\/cenesudarica.com\/?page_id=394"},"modified":"2024-10-15T21:28:38","modified_gmt":"2024-10-15T21:28:38","slug":"blog","status":"publish","type":"page","link":"https:\/\/cenesudarica.com\/index.php\/blog\/","title":{"rendered":"Blog"},"content":{"rendered":"\t\t<div data-elementor-type=\"wp-page\" data-elementor-id=\"394\" class=\"elementor elementor-394\" data-elementor-post-type=\"page\">\n\t\t\t\t<div class=\"elementor-element elementor-element-6649f974 e-con-full e-flex e-con e-parent\" data-id=\"6649f974\" data-element_type=\"container\" data-settings=\"{&quot;background_background&quot;:&quot;classic&quot;}\">\n\t\t<div class=\"elementor-element elementor-element-1e4ac4d6 e-con-full e-flex e-con e-child\" data-id=\"1e4ac4d6\" data-element_type=\"container\">\n\t\t\t\t<div class=\"elementor-element elementor-element-655a7147 elementor-widget elementor-widget-heading\" data-id=\"655a7147\" data-element_type=\"widget\" data-widget_type=\"heading.default\">\n\t\t\t\t<div class=\"elementor-widget-container\">\n\t\t\t<h1 class=\"elementor-heading-title elementor-size-default\">BLOG<\/h1>\t\t<\/div>\n\t\t\t\t<\/div>\n\t\t\t\t<\/div>\n\t\t\t\t<\/div>\n\t\t<div class=\"elementor-element elementor-element-385780da e-con-full e-flex e-con e-parent\" data-id=\"385780da\" data-element_type=\"container\">\n\t\t\t\t<div class=\"elementor-element elementor-element-bcc7ede ekit-blog-posts--bg-hover bg-hover-classic elementor-widget elementor-widget-elementskit-blog-posts\" data-id=\"bcc7ede\" data-element_type=\"widget\" data-widget_type=\"elementskit-blog-posts.default\">\n\t\t\t\t<div class=\"elementor-widget-container\">\n\t\t\t<div class=\"ekit-wid-con\" >        <div id=\"post-items--bcc7ede\" class=\"row post-items\">\n                    <div class=\"col-lg-4 col-md-6\">\n\n                                    <div class=\"elementskit-post-image-card\">\n                        <div class=\"elementskit-entry-header\">\n                            \n                            \n\t\t\t\t\t\t\t\t\t\t\t\t\t<\/div><!-- .elementskit-entry-header END -->\n\n\t\t\t\t\t\t<div class=\"elementskit-post-body \">\n\t\t\t\t\t\t\t\n\t\t\t\t\t\t\t\t\t\t\t\t\t\t\t\t\t\t\t\t\t\t\t\t\t\t\t\t\t\t\n\t\t\t\t\t\t\t\t\n\t\t\t\t\t\t\t\t\t\t\t\t\t\t\t\t\t\t\t\t\t<h2 class=\"entry-title\">\n\t\t\t\t\t<a href=\"https:\/\/cenesudarica.com\/index.php\/2024\/10\/11\/cenesuyunda-indirim\/\">\n\t\t\t\t\t\t\u00c7enesuyu\u2019nda indirim\t\t\t\t\t<\/a>\n\t\t\t\t<\/h2>\n\t\t\t\t\t\t\t\t\t\t\t\t\t\t\t\t\t\t\t\t\t\t\t\t\t\t\t\t\t\t\t\t\t\t\t\t\t\t\t\t\t\t<p>\u00c7ene Suyunda \u0130ndirim! Blog \u00c7ene Suyunda \u0130ndirim! Derince Belediye Ba\u015fkan\u0131 Zeki Ayg\u00fcn&#8217;\u00fcn direktifiyle, kentimizin ve Marmara B\u00f6lgesi&#8217;nin \u00f6nde gelen markalar\u0131ndan biri olan \u00c7enesuyu&#8217;nda \u00f6nemli bir fiyat indirimi ger\u00e7ekle\u015ftirildi. DAMACANA REJ\u0130M\u0130NDE&hellip;<\/p>\n\t\t\t\t\t\t\t\t\t\t\t\t\t\t\t\t\t\t\t\t\t\t                                                            <div class=\"btn-wraper\">\n                                    \n                                                                            <a class=\"elementskit-btn whitespace--normal\" id=\"\" href=\"https:\/\/cenesudarica.com\/index.php\/2024\/10\/11\/cenesuyunda-indirim\/\">\n                                        \t                                            oku                                        <\/a>\n                                                                    <\/div>\n                                                    <\/div><!-- .elementskit-post-body END -->\n                    <\/div>\n                \n            <\/div>\n                    <div class=\"col-lg-4 col-md-6\">\n\n                                    <div class=\"elementskit-post-image-card\">\n                        <div class=\"elementskit-entry-header\">\n                            \n                            \n\t\t\t\t\t\t\t\t\t\t\t\t\t<\/div><!-- .elementskit-entry-header END -->\n\n\t\t\t\t\t\t<div class=\"elementskit-post-body \">\n\t\t\t\t\t\t\t\n\t\t\t\t\t\t\t\t\t\t\t\t\t\t\t\t\t\t\t\t\t\t\t\t\t\t\t\t\t\t\n\t\t\t\t\t\t\t\t\n\t\t\t\t\t\t\t\t\t\t\t\t\t\t\t\t\t\t\t\t\t<h2 class=\"entry-title\">\n\t\t\t\t\t<a href=\"https:\/\/cenesudarica.com\/index.php\/2024\/10\/11\/cene-suyu-kurulusu-doganin-saf-hediyesi\/\">\n\t\t\t\t\t\t\u00c7ene Suyu Kurulu\u015fu: Do\u011fan\u0131n Saf Hediyesi\t\t\t\t\t<\/a>\n\t\t\t\t<\/h2>\n\t\t\t\t\t\t\t\t\t\t\t\t\t\t\t\t\t\t\t\t\t\t\t\t\t\t\t\t\t\t\t\t\t\t\t\t\t\t\t\t\t\t<p>\u00c7ene Suyu Kurulu\u015fu: Do\u011fan\u0131n Saf Hediyesi Blog \u00c7ene Suyu Kurulu\u015fu: Do\u011fan\u0131n Saf Hediyesi Kurulu\u015fun Tarih\u00e7esi \u00c7ene suyu, b\u00f6lgedeki do\u011fal de\u011fi\u015fimin bir sonucu olarak ortaya \u00e7\u0131km\u0131\u015ft\u0131r. Yerel halk, bu suyun \u015fifal\u0131&hellip;<\/p>\n\t\t\t\t\t\t\t\t\t\t\t\t\t\t\t\t\t\t\t\t\t\t                                                            <div class=\"btn-wraper\">\n                                    \n                                                                            <a class=\"elementskit-btn whitespace--normal\" id=\"\" href=\"https:\/\/cenesudarica.com\/index.php\/2024\/10\/11\/cene-suyu-kurulusu-doganin-saf-hediyesi\/\">\n                                        \t                                            oku                                        <\/a>\n                                                                    <\/div>\n                                                    <\/div><!-- .elementskit-post-body END -->\n                    <\/div>\n                \n            <\/div>\n                    <div class=\"col-lg-4 col-md-6\">\n\n                                    <div class=\"elementskit-post-image-card\">\n                        <div class=\"elementskit-entry-header\">\n                            \n                            \n\t\t\t\t\t\t\t\t\t\t\t\t\t<\/div><!-- .elementskit-entry-header END -->\n\n\t\t\t\t\t\t<div class=\"elementskit-post-body \">\n\t\t\t\t\t\t\t\n\t\t\t\t\t\t\t\t\t\t\t\t\t\t\t\t\t\t\t\t\t\t\t\t\t\t\t\t\t\t\n\t\t\t\t\t\t\t\t\n\t\t\t\t\t\t\t\t\t\t\t\t\t\t\t\t\t\t\t\t\t<h2 class=\"entry-title\">\n\t\t\t\t\t<a href=\"https:\/\/cenesudarica.com\/index.php\/2024\/10\/11\/cene-suyu-sagligin-ve-ferahligin-kaynagi-son-yillarda-saglikli-yasam-trendleri\/\">\n\t\t\t\t\t\t\u00c7ene Suyu: Sa\u011fl\u0131\u011f\u0131n ve Ferahl\u0131\u011f\u0131n Kayna\u011f\u0131 Son y\u0131llarda sa\u011fl\u0131kl\u0131 ya\u015fam trendleri\t\t\t\t\t<\/a>\n\t\t\t\t<\/h2>\n\t\t\t\t\t\t\t\t\t\t\t\t\t\t\t\t\t\t\t\t\t\t\t\t\t\t\t\t\t\t\t\t\t\t\t\t\t\t\t\t\t\t<p>\u00c7ene Suyu: Sa\u011fl\u0131\u011f\u0131n ve Ferahl\u0131\u011f\u0131n Kayna\u011f\u0131 Son y\u0131llarda sa\u011fl\u0131kl\u0131 ya\u015fam trendleri \u00c7ene Suyu: Sa\u011fl\u0131\u011f\u0131n ve Ferahl\u0131\u011f\u0131n Kayna\u011f\u0131 Son y\u0131llarda sa\u011fl\u0131kl\u0131 ya\u015fam trendleri do\u011fal i\u00e7eceklerin \u00f6n planda tutulmas\u0131 sa\u011flanm\u0131\u015ft\u0131r. Bu \u015fekilde,&hellip;<\/p>\n\t\t\t\t\t\t\t\t\t\t\t\t\t\t\t\t\t\t\t\t\t\t                                                            <div class=\"btn-wraper\">\n                                    \n                                                                            <a class=\"elementskit-btn whitespace--normal\" id=\"\" href=\"https:\/\/cenesudarica.com\/index.php\/2024\/10\/11\/cene-suyu-sagligin-ve-ferahligin-kaynagi-son-yillarda-saglikli-yasam-trendleri\/\">\n                                        \t                                            oku                                        <\/a>\n                                                                    <\/div>\n                                                    <\/div><!-- .elementskit-post-body END -->\n                    <\/div>\n                \n            <\/div>\n                <\/div>\n       <\/div>\t\t<\/div>\n\t\t\t\t<\/div>\n\t\t\t\t<\/div>\n\t\t\t\t<\/div>\n\t\t","protected":false},"excerpt":{"rendered":"<p>BLOG \u00c7enesuyu\u2019nda indirim \u00c7ene Suyunda \u0130ndirim! Blog \u00c7ene Suyunda \u0130ndirim! Derince Belediye Ba\u015fkan\u0131 Zeki Ayg\u00fcn&#8217;\u00fcn direktifiyle, kentimizin ve Marmara B\u00f6lgesi&#8217;nin \u00f6nde gelen markalar\u0131ndan biri olan \u00c7enesuyu&#8217;nda \u00f6nemli bir fiyat indirimi ger\u00e7ekle\u015ftirildi. DAMACANA REJ\u0130M\u0130NDE&hellip; oku \u00c7ene Suyu Kurulu\u015fu: Do\u011fan\u0131n Saf Hediyesi \u00c7ene Suyu Kurulu\u015fu: Do\u011fan\u0131n Saf&hellip;<\/p>\n","protected":false},"author":1,"featured_media":0,"parent":0,"menu_order":0,"comment_status":"closed","ping_status":"closed","template":"elementor_canvas","meta":{"footnotes":""},"class_list":["post-394","page","type-page","status-publish","hentry"],"yoast_head":"<!-- This site is optimized with the Yoast SEO plugin v23.6 - https:\/\/yoast.com\/wordpress\/plugins\/seo\/ -->\n<title>Blog - \u00e7enesuyu dar\u0131ca<\/title>\n<meta name=\"description\" content=\"&quot;Dar\u0131ca \u00c7ene Suyu Blog: Do\u011fal kaynak suyu, sa\u011fl\u0131kl\u0131 ya\u015fam ve su t\u00fcketimi hakk\u0131nda bilgilendirici yaz\u0131lar.&quot;\" \/>\n<meta name=\"robots\" content=\"index, follow, max-snippet:-1, max-image-preview:large, max-video-preview:-1\" \/>\n<link rel=\"canonical\" href=\"https:\/\/cenesudarica.com\/index.php\/blog\/\" \/>\n<meta property=\"og:locale\" content=\"tr_TR\" \/>\n<meta property=\"og:type\" content=\"article\" \/>\n<meta property=\"og:title\" content=\"Blog - \u00e7enesuyu dar\u0131ca\" \/>\n<meta property=\"og:description\" content=\"&quot;Dar\u0131ca \u00c7ene Suyu Blog: Do\u011fal kaynak suyu, sa\u011fl\u0131kl\u0131 ya\u015fam ve su t\u00fcketimi hakk\u0131nda bilgilendirici yaz\u0131lar.&quot;\" \/>\n<meta property=\"og:url\" content=\"https:\/\/cenesudarica.com\/index.php\/blog\/\" \/>\n<meta property=\"og:site_name\" content=\"\u00e7enesuyu dar\u0131ca\" \/>\n<meta property=\"article:modified_time\" content=\"2024-10-15T21:28:38+00:00\" \/>\n<meta name=\"twitter:card\" content=\"summary_large_image\" \/>\n<meta name=\"twitter:label1\" content=\"Tahmini okuma s\u00fcresi\" \/>\n\t<meta name=\"twitter:data1\" content=\"1 dakika\" \/>\n<script type=\"application\/ld+json\" class=\"yoast-schema-graph\">{\"@context\":\"https:\/\/schema.org\",\"@graph\":[{\"@type\":\"WebPage\",\"@id\":\"https:\/\/cenesudarica.com\/index.php\/blog\/\",\"url\":\"https:\/\/cenesudarica.com\/index.php\/blog\/\",\"name\":\"Blog - \u00e7enesuyu dar\u0131ca\",\"isPartOf\":{\"@id\":\"https:\/\/cenesudarica.com\/#website\"},\"datePublished\":\"2024-10-11T14:04:02+00:00\",\"dateModified\":\"2024-10-15T21:28:38+00:00\",\"description\":\"\\\"Dar\u0131ca \u00c7ene Suyu Blog: Do\u011fal kaynak suyu, sa\u011fl\u0131kl\u0131 ya\u015fam ve su t\u00fcketimi hakk\u0131nda bilgilendirici yaz\u0131lar.\\\"\",\"breadcrumb\":{\"@id\":\"https:\/\/cenesudarica.com\/index.php\/blog\/#breadcrumb\"},\"inLanguage\":\"tr\",\"potentialAction\":[{\"@type\":\"ReadAction\",\"target\":[\"https:\/\/cenesudarica.com\/index.php\/blog\/\"]}]},{\"@type\":\"BreadcrumbList\",\"@id\":\"https:\/\/cenesudarica.com\/index.php\/blog\/#breadcrumb\",\"itemListElement\":[{\"@type\":\"ListItem\",\"position\":1,\"name\":\"Anasayfa\",\"item\":\"https:\/\/cenesudarica.com\/\"},{\"@type\":\"ListItem\",\"position\":2,\"name\":\"Blog\"}]},{\"@type\":\"WebSite\",\"@id\":\"https:\/\/cenesudarica.com\/#website\",\"url\":\"https:\/\/cenesudarica.com\/\",\"name\":\"cenesudarica\",\"description\":\"evlere servis ve h\u0131zl\u0131 teslimat\",\"publisher\":{\"@id\":\"https:\/\/cenesudarica.com\/#organization\"},\"potentialAction\":[{\"@type\":\"SearchAction\",\"target\":{\"@type\":\"EntryPoint\",\"urlTemplate\":\"https:\/\/cenesudarica.com\/?s={search_term_string}\"},\"query-input\":{\"@type\":\"PropertyValueSpecification\",\"valueRequired\":true,\"valueName\":\"search_term_string\"}}],\"inLanguage\":\"tr\"},{\"@type\":\"Organization\",\"@id\":\"https:\/\/cenesudarica.com\/#organization\",\"name\":\"cenesudarica\",\"url\":\"https:\/\/cenesudarica.com\/\",\"logo\":{\"@type\":\"ImageObject\",\"inLanguage\":\"tr\",\"@id\":\"https:\/\/cenesudarica.com\/#\/schema\/logo\/image\/\",\"url\":\"https:\/\/cenesudarica.com\/wp-content\/uploads\/2024\/10\/cropped-darica-2.png\",\"contentUrl\":\"https:\/\/cenesudarica.com\/wp-content\/uploads\/2024\/10\/cropped-darica-2.png\",\"width\":512,\"height\":512,\"caption\":\"cenesudarica\"},\"image\":{\"@id\":\"https:\/\/cenesudarica.com\/#\/schema\/logo\/image\/\"}}]}<\/script>\n<!-- \/ Yoast SEO plugin. -->","yoast_head_json":{"title":"Blog - \u00e7enesuyu dar\u0131ca","description":"\"Dar\u0131ca \u00c7ene Suyu Blog: Do\u011fal kaynak suyu, sa\u011fl\u0131kl\u0131 ya\u015fam ve su t\u00fcketimi hakk\u0131nda bilgilendirici yaz\u0131lar.\"","robots":{"index":"index","follow":"follow","max-snippet":"max-snippet:-1","max-image-preview":"max-image-preview:large","max-video-preview":"max-video-preview:-1"},"canonical":"https:\/\/cenesudarica.com\/index.php\/blog\/","og_locale":"tr_TR","og_type":"article","og_title":"Blog - \u00e7enesuyu dar\u0131ca","og_description":"\"Dar\u0131ca \u00c7ene Suyu Blog: Do\u011fal kaynak suyu, sa\u011fl\u0131kl\u0131 ya\u015fam ve su t\u00fcketimi hakk\u0131nda bilgilendirici yaz\u0131lar.\"","og_url":"https:\/\/cenesudarica.com\/index.php\/blog\/","og_site_name":"\u00e7enesuyu dar\u0131ca","article_modified_time":"2024-10-15T21:28:38+00:00","twitter_card":"summary_large_image","twitter_misc":{"Tahmini okuma s\u00fcresi":"1 dakika"},"schema":{"@context":"https:\/\/schema.org","@graph":[{"@type":"WebPage","@id":"https:\/\/cenesudarica.com\/index.php\/blog\/","url":"https:\/\/cenesudarica.com\/index.php\/blog\/","name":"Blog - \u00e7enesuyu dar\u0131ca","isPartOf":{"@id":"https:\/\/cenesudarica.com\/#website"},"datePublished":"2024-10-11T14:04:02+00:00","dateModified":"2024-10-15T21:28:38+00:00","description":"\"Dar\u0131ca \u00c7ene Suyu Blog: Do\u011fal kaynak suyu, sa\u011fl\u0131kl\u0131 ya\u015fam ve su t\u00fcketimi hakk\u0131nda bilgilendirici yaz\u0131lar.\"","breadcrumb":{"@id":"https:\/\/cenesudarica.com\/index.php\/blog\/#breadcrumb"},"inLanguage":"tr","potentialAction":[{"@type":"ReadAction","target":["https:\/\/cenesudarica.com\/index.php\/blog\/"]}]},{"@type":"BreadcrumbList","@id":"https:\/\/cenesudarica.com\/index.php\/blog\/#breadcrumb","itemListElement":[{"@type":"ListItem","position":1,"name":"Anasayfa","item":"https:\/\/cenesudarica.com\/"},{"@type":"ListItem","position":2,"name":"Blog"}]},{"@type":"WebSite","@id":"https:\/\/cenesudarica.com\/#website","url":"https:\/\/cenesudarica.com\/","name":"cenesudarica","description":"evlere servis ve h\u0131zl\u0131 teslimat","publisher":{"@id":"https:\/\/cenesudarica.com\/#organization"},"potentialAction":[{"@type":"SearchAction","target":{"@type":"EntryPoint","urlTemplate":"https:\/\/cenesudarica.com\/?s={search_term_string}"},"query-input":{"@type":"PropertyValueSpecification","valueRequired":true,"valueName":"search_term_string"}}],"inLanguage":"tr"},{"@type":"Organization","@id":"https:\/\/cenesudarica.com\/#organization","name":"cenesudarica","url":"https:\/\/cenesudarica.com\/","logo":{"@type":"ImageObject","inLanguage":"tr","@id":"https:\/\/cenesudarica.com\/#\/schema\/logo\/image\/","url":"https:\/\/cenesudarica.com\/wp-content\/uploads\/2024\/10\/cropped-darica-2.png","contentUrl":"https:\/\/cenesudarica.com\/wp-content\/uploads\/2024\/10\/cropped-darica-2.png","width":512,"height":512,"caption":"cenesudarica"},"image":{"@id":"https:\/\/cenesudarica.com\/#\/schema\/logo\/image\/"}}]}},"_links":{"self":[{"href":"https:\/\/cenesudarica.com\/index.php\/wp-json\/wp\/v2\/pages\/394","targetHints":{"allow":["GET"]}}],"collection":[{"href":"https:\/\/cenesudarica.com\/index.php\/wp-json\/wp\/v2\/pages"}],"about":[{"href":"https:\/\/cenesudarica.com\/index.php\/wp-json\/wp\/v2\/types\/page"}],"author":[{"embeddable":true,"href":"https:\/\/cenesudarica.com\/index.php\/wp-json\/wp\/v2\/users\/1"}],"replies":[{"embeddable":true,"href":"https:\/\/cenesudarica.com\/index.php\/wp-json\/wp\/v2\/comments?post=394"}],"version-history":[{"count":16,"href":"https:\/\/cenesudarica.com\/index.php\/wp-json\/wp\/v2\/pages\/394\/revisions"}],"predecessor-version":[{"id":484,"href":"https:\/\/cenesudarica.com\/index.php\/wp-json\/wp\/v2\/pages\/394\/revisions\/484"}],"wp:attachment":[{"href":"https:\/\/cenesudarica.com\/index.php\/wp-json\/wp\/v2\/media?parent=394"}],"curies":[{"name":"wp","href":"https:\/\/api.w.org\/{rel}","templated":true}]}}